{"id":184,"date":"2025-03-10T11:50:35","date_gmt":"2025-03-10T11:50:35","guid":{"rendered":"https:\/\/www.ingentis.com\/ingentis-kunden\/"},"modified":"2025-07-10T12:03:09","modified_gmt":"2025-07-10T10:03:09","slug":"ingentis-kunden","status":"publish","type":"page","link":"https:\/\/www.ingentis.com\/de\/kunden\/ingentis-kunden\/","title":{"rendered":"Ingentis Kunden"},"content":{"rendered":"<div class=\"wpb-content-wrapper\"><p>[vc_section][vc_row row_padding=&#8220;&#8220;][vc_column]<div class=\" vmb-3  wpb_content_element\" ><div class=\"hero hero--d hero--left\"><div class=\"hero__content\"><div class=\"hero__title\"><p class=\"skyline hero__skyline\">Kunden von Ingentis<\/p> <h1>Vertrauen von \u00fcber <strong>2.000 Unternehmen weltweit<\/strong><\/h1><\/div><p class=\"hero__text\">Ingentis unterst\u00fctzt Unternehmen auf der ganzen Welt dabei, ihre Organisationsstrukturen effektiv zu visualisieren, zu analysieren und zu optimieren. Von der Automobilindustrie \u00fcber Finanzdienstleister bis hin zu f\u00fchrenden Einzelh\u00e4ndlern und \u00f6ffentlichen Einrichtungen \u2013 unsere L\u00f6sungen sind branchen\u00fcbergreifend im Einsatz.<\/p><div class=\"btn__wrapper \"><\/div><\/div><div class=\"hero__bg\"><svg width=\"1000\" height=\"1000\" viewBox=\"0 0 1000 1000\" fill=\"none\" xmlns=\"http:\/\/www.w3.org\/2000\/svg\"><rect width=\"1000\" height=\"1000\" transform=\"translate(0.00390625)\" \/><path d=\"M793.881 431.922C811.346 507.572 804.414 586.81 774.077 658.278C743.741 729.746 691.558 789.776 625.008 829.763C558.457 869.751 480.956 887.643 403.611 880.876C326.266 874.11 253.049 843.031 194.454 792.094C135.858 741.158 94.8919 672.979 77.4267 597.329C59.9615 521.679 66.8939 442.441 97.2303 370.973C127.567 299.505 179.75 239.476 246.3 199.488C312.851 159.5 390.352 141.608 467.697 148.375L456.097 280.957C406.751 276.64 357.305 288.056 314.846 313.568C272.387 339.08 239.094 377.379 219.74 422.975C200.385 468.572 195.962 519.125 207.105 567.39C218.248 615.655 244.384 659.153 281.768 691.651C319.152 724.148 365.865 743.976 415.211 748.294C464.556 752.611 514.002 741.195 556.462 715.683C598.921 690.171 632.213 651.872 651.568 606.276C670.923 560.679 675.346 510.126 664.203 461.861L793.881 431.922Z\" fill=\"#FF8E8C\"\/><path d=\"M596.397 119.125C673.741 125.891 746.958 156.97 805.554 207.907C864.15 258.843 905.116 327.022 922.581 402.672L792.903 432.611C781.76 384.346 755.624 340.848 718.24 308.35C680.856 275.853 634.143 256.025 584.797 251.707L596.397 119.125Z\" fill=\"#FF8E8C\"\/><\/svg><\/div><\/div><\/div>[\/vc_column][\/vc_row][\/vc_section][vc_section row_padding=&#8220;vpt-7 vpb-7&#8243;][vc_row row_padding=&#8220;custom&#8220; row_padding_bottom=&#8220;vpb-3&#8243;][vc_column width=&#8220;3\/4&#8243; col_sticky=&#8220;&#8220; offset=&#8220;vc_col-lg-7 vc_col-md-offset-2 vc_col-md-8 vc_col-sm-offset-1&#8243;]<div class=\"wpb_content_element\" ><div class=\"heading heading--h2\"><h2 class=\"heading   \" >Ein Auszug unserer Kunden<\/h2><\/div><\/div>[\/vc_column][\/vc_row][vc_row row_padding=&#8220;custom&#8220;][vc_column width=&#8220;5\/6&#8243; col_sticky=&#8220;&#8220; offset=&#8220;vc_col-lg-offset-1 vc_col-lg-10 vc_col-sm-offset-1&#8243;][vc_row_inner row_padding=&#8220;&#8220;][vc_column_inner width=&#8220;1\/4&#8243; offset=&#8220;vc_col-xs-3&#8243;][vc_single_image image=&#8220;2590&#8243; img_size=&#8220;large&#8220;][\/vc_column_inner][vc_column_inner width=&#8220;1\/4&#8243; offset=&#8220;vc_col-xs-3&#8243;][vc_single_image image=&#8220;2576&#8243; img_size=&#8220;large&#8220;][\/vc_column_inner][vc_column_inner width=&#8220;1\/4&#8243; offset=&#8220;vc_col-xs-3&#8243;][vc_single_image image=&#8220;2580&#8243; img_size=&#8220;large&#8220;][\/vc_column_inner][vc_column_inner width=&#8220;1\/4&#8243; offset=&#8220;vc_col-xs-3&#8243;][vc_single_image image=&#8220;2582&#8243; img_size=&#8220;large&#8220;][\/vc_column_inner][\/vc_row_inner][vc_row_inner row_padding=&#8220;&#8220;][vc_column_inner width=&#8220;1\/4&#8243; offset=&#8220;vc_col-xs-3&#8243;][vc_single_image image=&#8220;2586&#8243; img_size=&#8220;large&#8220;][\/vc_column_inner][vc_column_inner width=&#8220;1\/4&#8243; offset=&#8220;vc_col-xs-3&#8243;][vc_single_image image=&#8220;8501&#8243; img_size=&#8220;large&#8220; alignment=&#8220;center&#8220;][\/vc_column_inner][vc_column_inner width=&#8220;1\/4&#8243; offset=&#8220;vc_col-xs-3&#8243;][vc_single_image image=&#8220;2592&#8243; img_size=&#8220;large&#8220;][\/vc_column_inner][vc_column_inner width=&#8220;1\/4&#8243; offset=&#8220;vc_col-xs-3&#8243;][vc_single_image image=&#8220;2578&#8243; img_size=&#8220;large&#8220;][\/vc_column_inner][\/vc_row_inner][vc_row_inner row_padding=&#8220;&#8220;][vc_column_inner width=&#8220;1\/4&#8243; offset=&#8220;vc_col-xs-3&#8243;][vc_single_image image=&#8220;2594&#8243; img_size=&#8220;large&#8220;][\/vc_column_inner][vc_column_inner width=&#8220;1\/4&#8243; offset=&#8220;vc_col-xs-3&#8243;][vc_single_image image=&#8220;2596&#8243; img_size=&#8220;large&#8220;][\/vc_column_inner][vc_column_inner width=&#8220;1\/4&#8243; offset=&#8220;vc_col-xs-3&#8243;][vc_single_image image=&#8220;2598&#8243; img_size=&#8220;large&#8220;][\/vc_column_inner][vc_column_inner width=&#8220;1\/4&#8243; offset=&#8220;vc_col-xs-3&#8243;][vc_single_image image=&#8220;12325&#8243; img_size=&#8220;large&#8220;][\/vc_column_inner][\/vc_row_inner][\/vc_column][\/vc_row][\/vc_section][vc_section row_padding=&#8220;vpt-7 vpb-7&#8243;][vc_row row_padding=&#8220;vpt-5 vpb-5&#8243;][vc_column width=&#8220;1\/2&#8243; col_sticky=&#8220;&#8220; offset=&#8220;vc_col-md-5 vc_col-sm-offset-1&#8243;]<div class=\"wpb_content_element\" ><div class=\"heading heading--h2\"><h2 class=\"heading   \" >Ingentis \u2013 Ihr Partner f\u00fcr organisationale Effektivit\u00e4t<\/h2><\/div><\/div>[vc_column_text elem_margin_bottom=&#8220;vmb-5&#8243;]<\/p>\n<p class=\"text text--lead\">Unsere Software wird von HR-Professionals, Organisationsentwicklungsteams und F\u00fchrungskr\u00e4ften genutzt, um datenbasierte Entscheidungen zu treffen. Ob Reorganisation, M&amp;A, Nachfolgeplanung oder strategische Workforce-Gestaltung: Ingentis bietet den Rahmen f\u00fcr fundierte Entscheidungen und nachhaltigen Unternehmenserfolg.<\/p>\n<p>[\/vc_column_text]<div class=\"vmb-3 wpb_content_element\" ><div class=\"btn__wrapper btn__wrapper--center\"><a href=\"https:\/\/www.ingentis.com\/de\/ueber-uns\/ueber-ingentis\/\" target=\"\" rel=\"\" title=\"Unternehmen\" class=\"btn--full btn--secondary btn--md \">Mehr \u00fcber Ingentis<\/a><\/div><\/div>[\/vc_column][vc_column width=&#8220;5\/12&#8243; col_sticky=&#8220;&#8220; offset=&#8220;vc_col-lg-offset-1&#8243;]<div class=\"vmb-3 wpb_content_element\" ><ul class=\"big-list big-list--arrow\"><li  data-aos-delay=\"0\"><strong>2.000+ Unternehmen weltweit <\/strong>setzen auf Ingentis<\/li><li  data-aos-delay=\"100\"><strong>50+ L\u00e4nder<\/strong>global im Einsatz<\/li><li  data-aos-delay=\"200\"><strong>25+ Jahre Erfahrung<\/strong>in Org Charts, Design & Analytics<\/li><li  data-aos-delay=\"300\"><strong>140+ Mitarbeitende<\/strong>mit Expertise in HR-Tech & Softwareentwicklung<\/li><li  data-aos-delay=\"400\"><strong>Nahtlose Integration<\/strong>mit f\u00fchrenden HR-Systemen (SAP, Workday, Oracle & mehr) <\/li><\/ ul><\/div>[\/vc_column][\/vc_row][\/vc_section][vc_row row_padding=&#8220;custom&#8220; row_padding_bottom=&#8220;vpb-3&#8243;][vc_column width=&#8220;3\/4&#8243; col_sticky=&#8220;&#8220; offset=&#8220;vc_col-lg-7 vc_col-md-offset-2 vc_col-md-8 vc_col-sm-offset-1&#8243;]<div class=\"wpb_content_element\" ><div class=\"heading heading--h2\"><h2 class=\"heading   \" >Das sagen unsere Kunden<\/h2><\/div><\/div>[\/vc_column][\/vc_row][vc_row][vc_column]<div class=\"vmb-3 wpb_content_element\" ><div class=\"testimonial testimonial--small\"><div class=\"swiper testimonial-swiper\"><div class=\"swiper-wrapper\"><div class=\"testimonial__slide swiper-slide\"><div class=\"testimonial__text\"><div class=\"testimonial__quote\">Besonders die M\u00f6glichkeit, Organisationsstrukturen zu modellieren, ist eine gro\u00dfe Unterst\u00fctzung in der Organisationsentwicklung und tr\u00e4gt zur Digitalisierung unserer Arbeit bei.<\/div><div class=\"testimonial__info\">Sven Kompe \/ Bereichsleiter Group Organizational Analytics <span>\/ \/<\/span>Volkswagen AG<\/div><\/div><\/div><div class=\"testimonial__slide swiper-slide\"><div class=\"testimonial__text\"><div class=\"testimonial__quote\">Der Einsatz des Ingentis org.managers f\u00fchrte schnell zu messbaren Effizienzsteigerungen unserer internen Prozesse.<\/div><div class=\"testimonial__info\">Michael Eder \/ Abteilungsleiter Personal Zentrale Aufgaben <span>\/ \/<\/span>Versicherungskammer Bayern<\/div><\/div><\/div><div class=\"testimonial__slide swiper-slide\"><div class=\"testimonial__text\"><div class=\"testimonial__quote\">Die Implementierung konnte aufgrund der \u201aPlug-and-Play\u2018-Funktionalit\u00e4t in wenigen Stunden erfolgen.<\/div><div class=\"testimonial__info\">Ralf Hinkenjann \/ IT-Experte <span>\/ \/<\/span>REWE Group<\/div><\/div><\/div><div class=\"testimonial__slide swiper-slide\"><div class=\"testimonial__text\"><div class=\"testimonial__quote\">Nach dem ersten Entwurf zeigten sich neue Anforderungen, die Ingentis flexibel und kundenorientiert umsetzte. So entstand ein Ergebnis in hoher Qualit\u00e4t, p\u00fcnktlich und im Budget \u2013 ein voller Projekterfolg.<\/div><div class=\"testimonial__info\">Katrin Urbatzka \/ Project Manager Group Human Resources  <span>\/ \/<\/span>Merck<\/div><\/div><\/div><div class=\"testimonial__slide swiper-slide\"><div class=\"testimonial__text\"><div class=\"testimonial__quote\"> Der Ingentis org.manager bringt noch mehr Transparenz in die Organisationseinheiten.<\/div><div class=\"testimonial__info\">Daniel Meszaros <span>\/ \/<\/span>Maersk Group<\/div><\/div><\/div><div class=\"testimonial__slide swiper-slide\"><div class=\"testimonial__text\"><div class=\"testimonial__quote\">Die Implementierung von Ingentis org.manager for SAP SuccessFactors verlief parallel zur Umstellung einfach und agil \u2013 unterst\u00fctzt durch einen engagierten Consultant mit eigenen Ideen.<\/div><div class=\"testimonial__info\">Andreas Schmidhuber \/ Head of Global HR IT & Processes <span>\/ \/<\/span>Heraeus<\/div><\/div><\/div><div class=\"testimonial__slide swiper-slide\"><div class=\"testimonial__text\"><div class=\"testimonial__quote\">Die Migrationsphase wollten wir mit einer einfachen Sicht der Organisationsstruktur starten. Diese wurde uns von Ingentis schnell zur Verf\u00fcgung gestellt. <\/div><div class=\"testimonial__info\">Marius Reck \/ Head of IT Business Support Applications <span>\/ \/<\/span>Geberit AG<\/div><\/div><\/div><div class=\"testimonial__slide swiper-slide\"><div class=\"testimonial__text\"><div class=\"testimonial__quote\">Unter dem Gesichtspunkt der Effizienz haben wir mit Ingentis org.manager 80 Stunden Arbeit auf buchst\u00e4blich 30 Minuten reduziert.<\/div><div class=\"testimonial__info\">Ari Tandabany \/ Head of Global People Analytics & HR Technology <span>\/ \/<\/span>EchoStar<\/div><\/div><\/div><div class=\"testimonial__slide swiper-slide\"><div class=\"testimonial__text\"><div class=\"testimonial__quote\">Wir hatten endlos nach einem Produkt gesucht, das das Potenzial zur Planung hatte. Und da kam Ingentis org.manager ins Spiel.<\/div><div class=\"testimonial__info\">Ojo Oluwole, Senior Manager, HR Operations <span>\/ \/<\/span>NBCUniversal<\/div><\/div><\/div><\/div><div class=\"testimonial__nav\"><\/div><\/div><\/div><div class=\"testimonial__buttons\"><button class=\"testimonial__button testimonial__button--prev\"><\/button><button class=\"testimonial__button testimonial__button--next\"><\/button><\/div><\/div>[\/vc_column][\/vc_row][vc_section row_padding=&#8220;vpt-7 vpb-7&#8243;][vc_row row_padding=&#8220;custom&#8220; row_padding_bottom=&#8220;vpb-3&#8243;][vc_column col_sticky=&#8220;&#8220;]<div class=\"vmb-3 wpb_content_element\" ><div class=\"heading heading--h2\"><h2 class=\"heading   heading--center\" >Erleben Sie, <em>was m\u00f6glich ist<\/em><\/h2><\/div><\/div>[vc_row_inner row_padding=&#8220;&#8220;][vc_column_inner width=&#8220;2\/3&#8243; offset=&#8220;vc_col-lg-8 vc_col-xs-offset-2&#8243;]<div class=\"vmb-3 wpb_content_element btn--inline\" ><div class=\"btn__wrapper btn__wrapper--center\"><a href=\"https:\/\/www.ingentis.com\/de\/kunden\/customer-success\/\" target=\"\" rel=\"\" title=\"Events\" class=\"btn--ghost btn--secondary btn--md \">So f\u00fchren wir Kunden zum Erfolg<\/a><\/div><\/div><div class=\"vmb-3 wpb_content_element btn--inline\" ><div class=\"btn__wrapper btn__wrapper--center\"><a href=\"https:\/\/www.ingentis.com\/de\/kunden\/success-stories\/\" target=\"\" rel=\"\" title=\"Success Stories\" class=\"btn--ghost btn--secondary btn--md \">Success Stories entdecken<\/a><\/div><\/div><div class=\"vmb-3 wpb_content_element btn--inline\" ><div class=\"btn__wrapper btn__wrapper--center\"><a href=\"https:\/\/www.ingentis.com\/de\/events\/\" target=\"\" rel=\"\" title=\"Events\" class=\"btn--ghost btn--secondary btn--md \">Treffen Sie das Ingentis-Team!<\/a><\/div><\/div>[\/vc_column_inner][\/vc_row_inner][\/vc_column][\/vc_row][\/vc_section]<\/p>\n<\/div>","protected":false},"excerpt":{"rendered":"<p>[vc_section][vc_row row_padding=&#8220;&#8220;][vc_column][\/vc_column][\/vc_row][\/vc_section][vc_section row_padding=&#8220;vpt-7 vpb-7&#8243;][vc_row row_padding=&#8220;custom&#8220; row_padding_bottom=&#8220;vpb-3&#8243;][vc_column width=&#8220;3\/4&#8243; col_sticky=&#8220;&#8220; offset=&#8220;vc_col-lg-7 vc_col-md-offset-2 vc_col-md-8 vc_col-sm-offset-1&#8243;][\/vc_column][\/vc_row][vc_row row_padding=&#8220;custom&#8220;][vc_column width=&#8220;5\/6&#8243; col_sticky=&#8220;&#8220; offset=&#8220;vc_col-lg-offset-1 \u2026<\/p>\n","protected":false},"author":4,"featured_media":0,"parent":97,"menu_order":1,"comment_status":"closed","ping_status":"closed","template":"","meta":{"_acf_changed":false,"footnotes":""},"class_list":["post-184","page","type-page","status-publish","hentry"],"acf":[],"_links":{"self":[{"href":"https:\/\/www.ingentis.com\/de\/wp-json\/wp\/v2\/pages\/184","targetHints":{"allow":["GET"]}}],"collection":[{"href":"https:\/\/www.ingentis.com\/de\/wp-json\/wp\/v2\/pages"}],"about":[{"href":"https:\/\/www.ingentis.com\/de\/wp-json\/wp\/v2\/types\/page"}],"author":[{"embeddable":true,"href":"https:\/\/www.ingentis.com\/de\/wp-json\/wp\/v2\/users\/4"}],"replies":[{"embeddable":true,"href":"https:\/\/www.ingentis.com\/de\/wp-json\/wp\/v2\/comments?post=184"}],"version-history":[{"count":8,"href":"https:\/\/www.ingentis.com\/de\/wp-json\/wp\/v2\/pages\/184\/revisions"}],"predecessor-version":[{"id":14278,"href":"https:\/\/www.ingentis.com\/de\/wp-json\/wp\/v2\/pages\/184\/revisions\/14278"}],"up":[{"embeddable":true,"href":"https:\/\/www.ingentis.com\/de\/wp-json\/wp\/v2\/pages\/97"}],"wp:attachment":[{"href":"https:\/\/www.ingentis.com\/de\/wp-json\/wp\/v2\/media?parent=184"}],"curies":[{"name":"wp","href":"https:\/\/api.w.org\/{rel}","templated":true}]}}