{"id":198,"date":"2025-03-10T11:54:49","date_gmt":"2025-03-10T11:54:49","guid":{"rendered":"https:\/\/www.ingentis.com\/unternehmen\/"},"modified":"2025-12-15T11:50:55","modified_gmt":"2025-12-15T10:50:55","slug":"ueber-ingentis","status":"publish","type":"page","link":"https:\/\/www.ingentis.com\/de\/ueber-uns\/ueber-ingentis\/","title":{"rendered":"\u00dcber Ingentis"},"content":{"rendered":"<div class=\"wpb-content-wrapper\"><p>[vc_section][vc_row row_padding=&#8220;&#8220;][vc_column]<div class=\"   wpb_content_element\" ><div class=\"hero hero--b hero--left\"><div class=\"hero__content\"><div class=\"hero__title\"><p class=\"skyline hero__skyline\">Organisationen st\u00e4rken. Zukunft gestalten.<\/p> <h1><strong>Ingentis<\/strong> \u2013 Bringing Potential to Life<\/h1><\/div><p class=\"hero__text hero__text--person-graphic\">Seit \u00fcber 25 Jahren unterst\u00fctzt Ingentis mit innovativer Software Unternehmen weltweit dabei, ihre Organisation zu optimieren und verborgene Potenziale zu entfalten \u2013 bei \u00fcber 2.000 Kund:innen in mehr als 50 L\u00e4ndern.<\/p><div class=\"btn__wrapper \"><\/div><\/div><div class=\"hero__image hero__image--person-graphic\"><img decoding=\"async\" src=\"https:\/\/www.ingentis.com\/wp-content\/uploads\/Ingentis_Header_13.png\" srcset=\"https:\/\/www.ingentis.com\/wp-content\/uploads\/Ingentis_Header_13.png 1025w, https:\/\/www.ingentis.com\/wp-content\/uploads\/Ingentis_Header_13-300x281.png 300w, https:\/\/www.ingentis.com\/wp-content\/uploads\/Ingentis_Header_13-768x719.png 768w\" alt=\"\" \/><\/div><div class=\"hero__bg\"><svg width=\"1000\" height=\"1000\" viewBox=\"0 0 1000 1000\" fill=\"none\" xmlns=\"http:\/\/www.w3.org\/2000\/svg\"><rect width=\"1000\" height=\"1000\" transform=\"translate(0.00390625)\" \/><path d=\"M793.881 431.922C811.346 507.572 804.414 586.81 774.077 658.278C743.741 729.746 691.558 789.776 625.008 829.763C558.457 869.751 480.956 887.643 403.611 880.876C326.266 874.11 253.049 843.031 194.454 792.094C135.858 741.158 94.8919 672.979 77.4267 597.329C59.9615 521.679 66.8939 442.441 97.2303 370.973C127.567 299.505 179.75 239.476 246.3 199.488C312.851 159.5 390.352 141.608 467.697 148.375L456.097 280.957C406.751 276.64 357.305 288.056 314.846 313.568C272.387 339.08 239.094 377.379 219.74 422.975C200.385 468.572 195.962 519.125 207.105 567.39C218.248 615.655 244.384 659.153 281.768 691.651C319.152 724.148 365.865 743.976 415.211 748.294C464.556 752.611 514.002 741.195 556.462 715.683C598.921 690.171 632.213 651.872 651.568 606.276C670.923 560.679 675.346 510.126 664.203 461.861L793.881 431.922Z\" fill=\"#FF8E8C\"\/><path d=\"M596.397 119.125C673.741 125.891 746.958 156.97 805.554 207.907C864.15 258.843 905.116 327.022 922.581 402.672L792.903 432.611C781.76 384.346 755.624 340.848 718.24 308.35C680.856 275.853 634.143 256.025 584.797 251.707L596.397 119.125Z\" fill=\"#FF8E8C\"\/><\/svg><\/div><\/div><\/div>[\/vc_column][\/vc_row][\/vc_section][vc_section row_padding=&#8220;vpt-7 vpb-7&#8243;][vc_row content_placement=&#8220;bottom&#8220; row_padding=&#8220;custom&#8220; row_padding_bottom=&#8220;vpb-7&#8243;][vc_column width=&#8220;3\/4&#8243; col_sticky=&#8220;&#8220; offset=&#8220;vc_col-lg-7 vc_col-md-offset-2 vc_col-md-8 vc_col-sm-offset-1&#8243;]<div class=\"wpb_content_element\" ><div class=\"heading heading--h2\"><h2 class=\"heading   \" ><em>Unser Value Framework \u2013<\/em> Starke Werte f\u00fcr eine starke Gemeinschaft<\/h2><\/div><\/div>[vc_column_text]<\/p>\n<p class=\"text text--big\">Werte sind das Fundament unseres Unternehmens und pr\u00e4gen, wie wir arbeiten und miteinander umgehen. Sie leiten uns in der Entwicklung unserer L\u00f6sungen, in der Zusammenarbeit mit Kund:innen und Partner:innen sowie im t\u00e4glichen Miteinander.<\/p>\n<p>[\/vc_column_text][\/vc_column][\/vc_row][vc_row content_placement=&#8220;top&#8220; row_padding=&#8220;custom&#8220;][vc_column width=&#8220;1\/2&#8243; col_sticky=&#8220;&#8220; offset=&#8220;vc_col-lg-offset-1 vc_col-lg-5&#8243;]<div class=\"vmb-3 wpb_content_element\" ><ul class=\"big-list big-list--arrow\"><li  data-aos-delay=\"0\"><strong>Mitarbeiter:innen<\/strong>Unser Team ist das Herzst\u00fcck unseres Unternehmens<\/li><li  data-aos-delay=\"100\"><strong>Leistung<\/strong>H\u00f6chste Qualit\u00e4t und exzellente Ergebnisse treiben uns an<\/li><li  data-aos-delay=\"200\"><strong>Kund:innen im Fokus<\/strong>Wir entwickeln unsere L\u00f6sungen mit Blick auf die Bed\u00fcrfnisse unserer Kund:innen und Partner:innen<\/li><li  data-aos-delay=\"300\"><strong>Innovation<\/strong>Wir sind neugierig und st\u00e4ndig auf der Suche nach kreativen L\u00f6sungen<\/li><li  data-aos-delay=\"400\"><strong>Pragmatismus<\/strong>Effizienz steht bei uns an erster Stelle: Wir nehmen den direkten Weg zur besten L\u00f6sung<\/li><li  data-aos-delay=\"500\"><strong>Transparenz<\/strong>Offene Kommunikation und ehrliches Feedback sind essenziell f\u00fcr unseren Erfolg<\/li><\/ ul><\/div>[\/vc_column][vc_column width=&#8220;1\/2&#8243; col_sticky=&#8220;&#8220; offset=&#8220;vc_col-lg-5&#8243;]<div class=\"vmb-3 wpb_content_element\" ><ul class=\"big-list big-list--arrow\"><li  data-aos-delay=\"0\"><strong>Soziale Verantwortung<\/strong>Wir engagieren uns f\u00fcr die Gesellschaft und setzen uns f\u00fcr nachhaltige L\u00f6sungen ein<\/li><li  data-aos-delay=\"100\"><strong>Entwicklung<\/strong>Kontinuierliches Lernen und Wachstum sind Teil unserer DNA<\/li><li  data-aos-delay=\"200\"><strong>Kollaboration<\/strong>Gemeinsam erreichen wir mehr: Teamgeist und gegenseitige Unterst\u00fctzung stehen im Mittelpunkt<\/li><li  data-aos-delay=\"300\"><strong>Gemeinschaft<\/strong>Wir schaffen ein Umfeld, in dem sich jede:r wertgesch\u00e4tzt und zugeh\u00f6rig f\u00fchlt<\/li><li  data-aos-delay=\"400\"><strong>Life-Balance<\/strong>Wir legen Wert auf ein gesundes Zusammenspiel zwischen beruflichen und pers\u00f6nlichen Bed\u00fcrfnissen<\/li><\/ ul><\/div>[\/vc_column][\/vc_row][\/vc_section][vc_row][vc_column col_sticky=&#8220;&#8220; offset=&#8220;vc_col-lg-9 vc_col-md-10&#8243;][vc_single_image image=&#8220;3811&#8243; img_size=&#8220;full&#8220; image_stretch=&#8220;left&#8220; image_rounded=&#8220;true&#8220;][\/vc_column][\/vc_row][vc_section row_padding=&#8220;vpt-7 vpb-7&#8243;][vc_row content_placement=&#8220;bottom&#8220; row_padding=&#8220;custom&#8220; row_padding_bottom=&#8220;vpb-3&#8243;][vc_column width=&#8220;3\/4&#8243; col_sticky=&#8220;&#8220; offset=&#8220;vc_col-lg-7 vc_col-md-offset-2 vc_col-md-8 vc_col-sm-offset-1&#8243;]<div class=\"wpb_content_element\" ><p class=\"skyline \" >Unsere Geschichte<\/p><div class=\"heading heading--h2\"><h2 class=\"heading  skyline-top \" >Innovation seit 1997<\/h2><\/div><\/div>[\/vc_column][\/vc_row][vc_row row_padding=&#8220;custom&#8220; row_padding_bottom=&#8220;vpb-7&#8243;][vc_column]<div class=\"vmb-3 wpb_content_element\" ><div class=\"timeline\"><div class=\"timeline__slider swiper\"><div class=\"swiper-wrapper\"><div class=\"swiper-slide\"><div class=\"timeline__slide\"><div class=\"timeline__item\"><div class=\"timeline__year\">1997<\/div><div class=\"timeline__text\">Gr\u00fcndung von Ingentis<\/div><\/div><\/div><\/div><div class=\"swiper-slide\"><div class=\"timeline__slide\"><div class=\"timeline__item\"><div class=\"timeline__year\">2001<\/div><div class=\"timeline__text\">Marktreife von Ingentis org.manager<\/div><\/div><\/div><\/div><div class=\"swiper-slide\"><div class=\"timeline__slide\"><div class=\"timeline__item\"><div class=\"timeline__year\">2015<\/div><div class=\"timeline__text\">1.000 Kunden weltweit<\/div><\/div><\/div><\/div><div class=\"swiper-slide\"><div class=\"timeline__slide\"><div class=\"timeline__item\"><div class=\"timeline__year\">2018<\/div><div class=\"timeline__text\">Gr\u00fcndung von Ingentis Inc. in Nordamerika<\/div><\/div><\/div><\/div><div class=\"swiper-slide\"><div class=\"timeline__slide\"><div class=\"timeline__item\"><div class=\"timeline__year\">2021<\/div><div class=\"timeline__text\">Software-Investor Maguar steigt ein<\/div><\/div><\/div><\/div><div class=\"swiper-slide\"><div class=\"timeline__slide\"><div class=\"timeline__item\"><div class=\"timeline__year\">2022<\/div><div class=\"timeline__text\">Tobias Wei\u00df und Joachim Rotzinger komplettieren die Gesch\u00e4ftsleitung<\/div><\/div><\/div><\/div><div class=\"swiper-slide\"><div class=\"timeline__slide\"><div class=\"timeline__item\"><div class=\"timeline__year\">2023<\/div><div class=\"timeline__text\">Ausgr\u00fcndung Ingentis Holding<\/div><\/div><\/div><\/div><div class=\"swiper-slide\"><div class=\"timeline__slide\"><div class=\"timeline__item\"><div class=\"timeline__year\">2024<\/div><div class=\"timeline__text\">Operativer Start Kanzlei.Suite<\/div><\/div><\/div><\/div><div class=\"swiper-slide\"><div class=\"timeline__slide\"><div class=\"timeline__item\"><div class=\"timeline__year\">2025<\/div><div class=\"timeline__text\">Carlyle investiert in Ingentis<\/div><\/div><\/div><\/div><\/div><\/div><div class=\"timeline__nav\"><button class=\"timeline__button timeline__button--prev\"><\/button><button class=\"timeline__button timeline__button--next\"><\/button><\/div><\/div><\/div>[\/vc_column][\/vc_row][vc_row row_padding=&#8220;vpt-5 vpb-5&#8243;][vc_column width=&#8220;5\/6&#8243; col_sticky=&#8220;&#8220; offset=&#8220;vc_col-sm-offset-1&#8243;]<div class=\"vmb-5 wpb_content_element\" ><div class=\"blog-box\"><div class=\"blog-box__deco\"><\/div><div class=\"blog-box__box\"><p class=\"blog-box__skyline skyline\">Engagiert, ganzheitlich, wirksam.<\/p><div class=\"blog-box__content\"><p class=\"h2 blog-box__title\">Nachhaltigkeit und soziale Verantwortung<\/p><p class=\"blog-box__text\">Ingentis setzt sich aktiv f\u00fcr nachhaltiges Wirtschaften und soziale Verantwortung ein. Unser Nachhaltigkeitsbericht zeigt, wie wir \u00f6kologische, soziale und unternehmerische Verantwortung \u00fcbernehmen. Wir f\u00f6rdern zudem gemeinn\u00fctzige Projekte und erm\u00f6glichen unseren Mitarbeiter:innen Corporate Volunteering.<\/p><\/div><div class=\"blog-box__btn-wrapper\"><a href=\"https:\/\/www.ingentis.com\/de\/news\/nachhaltigkeitsbericht-2023\/\" class=\"blog-box__btn btn--sm btn--full btn--primary\">Mehr \u00fcber unseren Nachhaltigkeitsbericht<\/a><\/div><\/div><\/div><\/div>[\/vc_column][\/vc_row][vc_row content_placement=&#8220;bottom&#8220; row_padding=&#8220;custom&#8220;][vc_column width=&#8220;11\/12&#8243; col_sticky=&#8220;&#8220; offset=&#8220;vc_col-lg-offset-1&#8243;][vc_row_inner content_placement=&#8220;bottom&#8220; row_padding=&#8220;custom&#8220; row_padding_bottom=&#8220;vpb-1&#8243;][vc_column_inner width=&#8220;1\/4&#8243;][vc_single_image image=&#8220;3832&#8243; img_size=&#8220;large&#8220; image_rounded=&#8220;true&#8220;][\/vc_column_inner][vc_column_inner width=&#8220;1\/4&#8243;][vc_single_image image=&#8220;3835&#8243; img_size=&#8220;large&#8220; image_rounded=&#8220;true&#8220;][\/vc_column_inner][vc_column_inner width=&#8220;1\/4&#8243;][vc_single_image image=&#8220;3844&#8243; img_size=&#8220;large&#8220; image_rounded=&#8220;true&#8220;][\/vc_column_inner][\/vc_row_inner][vc_row_inner row_padding=&#8220;custom&#8220; row_padding_bottom=&#8220;vpb-1&#8243;][vc_column_inner width=&#8220;1\/3&#8243; offset=&#8220;vc_col-sm-offset-2&#8243;][vc_single_image image=&#8220;3853&#8243; img_size=&#8220;large&#8220; image_rounded=&#8220;true&#8220;][\/vc_column_inner][vc_column_inner width=&#8220;1\/3&#8243;][vc_single_image image=&#8220;3838&#8243; img_size=&#8220;large&#8220; image_rounded=&#8220;true&#8220;][\/vc_column_inner][\/vc_row_inner][vc_row_inner row_padding=&#8220;&#8220;][vc_column_inner width=&#8220;1\/3&#8243; offset=&#8220;vc_col-sm-offset-1&#8243;][vc_single_image image=&#8220;3850&#8243; img_size=&#8220;large&#8220; image_rounded=&#8220;true&#8220;][vc_single_image image=&#8220;3856&#8243; img_size=&#8220;large&#8220; image_rounded=&#8220;true&#8220;][\/vc_column_inner][vc_column_inner width=&#8220;1\/4&#8243;][vc_single_image image=&#8220;3841&#8243; img_size=&#8220;large&#8220; image_rounded=&#8220;true&#8220;][vc_single_image image=&#8220;3351&#8243; img_size=&#8220;large&#8220; image_rounded=&#8220;true&#8220;][\/vc_column_inner][vc_column_inner width=&#8220;1\/4&#8243;][vc_single_image image=&#8220;3859&#8243; img_size=&#8220;large&#8220; image_rounded=&#8220;true&#8220;][\/vc_column_inner][\/vc_row_inner][\/vc_column][\/vc_row][\/vc_section][vc_section row_padding=&#8220;vpt-7 vpb-7&#8243; row_bg_graphic=&#8220;bg&#8211;graphic bg&#8211;graphic&#8211;bubble&#8220; row_bg_color=&#8220;bg&#8211;color&#8211;page&#8220;][vc_row row_padding=&#8220;custom&#8220; row_padding_bottom=&#8220;vpb-7&#8243;][vc_column width=&#8220;2\/3&#8243; col_sticky=&#8220;&#8220; offset=&#8220;vc_col-sm-offset-2&#8243;]<div class=\"vmb-3 wpb_content_element\" ><div class=\"heading heading--h2\"><h2 class=\"heading h2 h2--big  heading--center\" ><em>Karriere bei Ingentis \u2013<\/em><br \/>\nWerde Teil unseres Teams<\/h2><\/div><\/div>[vc_column_text]<\/p>\n<p class=\"text text--intro\" style=\"text-align: center;\">Wir sind die Expert:innen in Org Analytics, Org Design und Org Charts \u2013 und auch sonst ein ziemlich starkes Team! Unsere Unternehmenskultur ist gepr\u00e4gt von Offenheit, Teamgeist und der M\u00f6glichkeit, sich individuell einzubringen. Bei Ingentis arbeiten wir gemeinsam daran, Unternehmen weltweit zukunftsf\u00e4hig zu machen und ihr volles Potenzial zu entfalten.<\/p>\n<p>[\/vc_column_text][\/vc_column][\/vc_row][vc_row row_padding=&#8220;custom&#8220; row_padding_bottom=&#8220;vpb-7&#8243;][vc_column col_sticky=&#8220;&#8220; offset=&#8220;vc_col-lg-offset-1 vc_col-lg-10&#8243;]<div class=\"vmb-3 wpb_content_element\" ><div class=\"heading heading--h3\"><h3 class=\"heading h3  heading--center\" >Was uns ausmacht<\/h3><\/div><\/div><div class=\"wpb_content_element\" ><div class=\"wrapper-grid wrapper-grid--2\"><div class=\"wpb_content_element vmb-3 wpb_content_element\" ><div class=\"feature feature--a\"><h4 class=\"feature__heading h4 \"><div class=\"feature__icon\"><svg width=\"61\" height=\"61\" viewBox=\"0 0 61 61\" fill=\"none\" xmlns=\"http:\/\/www.w3.org\/2000\/svg\">\n<path d=\"M32.1843 6.88058L38.5116 19.6547C38.6555 19.9789 38.8819 20.2597 39.1682 20.4692C39.4545 20.6787 39.7906 20.8095 40.1432 20.8485L54.1113 22.9178C54.5156 22.9698 54.8968 23.1358 55.2104 23.3964C55.524 23.657 55.7572 24.0014 55.8825 24.3895C56.0075 24.7775 56.0198 25.1932 55.9175 25.588C55.8153 25.9827 55.6028 26.3402 55.3051 26.6187L45.2371 36.6072C44.98 36.8473 44.787 37.1478 44.676 37.4814C44.5649 37.815 44.5387 38.1711 44.6003 38.5173L47.0278 52.5648C47.0979 52.9683 47.0537 53.3838 46.8997 53.7634C46.7453 54.1431 46.4878 54.4718 46.1563 54.7121C45.8244 54.9529 45.432 55.0954 45.023 55.1236C44.6143 55.1523 44.206 55.0651 43.8442 54.8729L31.269 48.2272C30.947 48.0692 30.5931 47.9869 30.2344 47.9869C29.8756 47.9869 29.5217 48.0692 29.1997 48.2272L16.6246 54.8729C16.2628 55.0651 15.8543 55.1523 15.4456 55.1236C15.0369 55.0954 14.6443 54.9529 14.3126 54.7121C13.9809 54.4718 13.7233 54.1431 13.5692 53.7634C13.4151 53.3838 13.3707 52.9683 13.441 52.5648L15.8685 38.3581C15.93 38.0119 15.904 37.6558 15.7928 37.3222C15.6816 36.9886 15.4887 36.6881 15.2318 36.448L5.04435 26.6187C4.74296 26.3326 4.531 25.9652 4.43416 25.5611C4.33731 25.1569 4.35974 24.7333 4.49872 24.3417C4.6377 23.95 4.88726 23.6071 5.21719 23.3543C5.54711 23.1016 5.94324 22.95 6.35758 22.9178L20.3255 20.8485C20.6781 20.8095 21.0143 20.6787 21.3005 20.4692C21.5868 20.2597 21.8132 19.9789 21.9571 19.6547L28.2844 6.88058C28.4567 6.50855 28.7319 6.19356 29.0774 5.97281C29.4229 5.75206 29.8244 5.63477 30.2344 5.63477C30.6444 5.63477 31.0458 5.75206 31.3913 5.97281C31.7368 6.19356 32.012 6.50855 32.1843 6.88058Z\" stroke=\"black\" stroke-width=\"2.5\" stroke-linecap=\"round\" stroke-linejoin=\"round\"\/>\n<\/svg>\n<\/div>Flexibilit\u00e4t &amp; Life-Balance<\/h4><div class=\"feature__content \"><p>Wir bieten moderne Arbeitsmodelle, die sich an individuelle Bed\u00fcrfnisse anpassen.<\/p>\n<\/div><\/div><\/div><div class=\"wpb_content_element vmb-3 wpb_content_element\" ><div class=\"feature feature--a\"><h4 class=\"feature__heading h4 \"><div class=\"feature__icon\"><svg width=\"61\" height=\"61\" viewBox=\"0 0 61 61\" fill=\"none\" xmlns=\"http:\/\/www.w3.org\/2000\/svg\">\n<path d=\"M32.1843 6.88058L38.5116 19.6547C38.6555 19.9789 38.8819 20.2597 39.1682 20.4692C39.4545 20.6787 39.7906 20.8095 40.1432 20.8485L54.1113 22.9178C54.5156 22.9698 54.8968 23.1358 55.2104 23.3964C55.524 23.657 55.7572 24.0014 55.8825 24.3895C56.0075 24.7775 56.0198 25.1932 55.9175 25.588C55.8153 25.9827 55.6028 26.3402 55.3051 26.6187L45.2371 36.6072C44.98 36.8473 44.787 37.1478 44.676 37.4814C44.5649 37.815 44.5387 38.1711 44.6003 38.5173L47.0278 52.5648C47.0979 52.9683 47.0537 53.3838 46.8997 53.7634C46.7453 54.1431 46.4878 54.4718 46.1563 54.7121C45.8244 54.9529 45.432 55.0954 45.023 55.1236C44.6143 55.1523 44.206 55.0651 43.8442 54.8729L31.269 48.2272C30.947 48.0692 30.5931 47.9869 30.2344 47.9869C29.8756 47.9869 29.5217 48.0692 29.1997 48.2272L16.6246 54.8729C16.2628 55.0651 15.8543 55.1523 15.4456 55.1236C15.0369 55.0954 14.6443 54.9529 14.3126 54.7121C13.9809 54.4718 13.7233 54.1431 13.5692 53.7634C13.4151 53.3838 13.3707 52.9683 13.441 52.5648L15.8685 38.3581C15.93 38.0119 15.904 37.6558 15.7928 37.3222C15.6816 36.9886 15.4887 36.6881 15.2318 36.448L5.04435 26.6187C4.74296 26.3326 4.531 25.9652 4.43416 25.5611C4.33731 25.1569 4.35974 24.7333 4.49872 24.3417C4.6377 23.95 4.88726 23.6071 5.21719 23.3543C5.54711 23.1016 5.94324 22.95 6.35758 22.9178L20.3255 20.8485C20.6781 20.8095 21.0143 20.6787 21.3005 20.4692C21.5868 20.2597 21.8132 19.9789 21.9571 19.6547L28.2844 6.88058C28.4567 6.50855 28.7319 6.19356 29.0774 5.97281C29.4229 5.75206 29.8244 5.63477 30.2344 5.63477C30.6444 5.63477 31.0458 5.75206 31.3913 5.97281C31.7368 6.19356 32.012 6.50855 32.1843 6.88058Z\" stroke=\"black\" stroke-width=\"2.5\" stroke-linecap=\"round\" stroke-linejoin=\"round\"\/>\n<\/svg>\n<\/div>Gemeinschaft &amp; Teamgeist<\/h4><div class=\"feature__content \"><p>Ein starkes Miteinander ist uns wichtig \u2013 ob in der t\u00e4glichen Zusammenarbeit oder bei gemeinsamen Events.<\/p>\n<\/div><\/div><\/div><div class=\"wpb_content_element vmb-3 wpb_content_element\" ><div class=\"feature feature--a\"><h4 class=\"feature__heading h4 \"><div class=\"feature__icon\"><svg width=\"61\" height=\"61\" viewBox=\"0 0 61 61\" fill=\"none\" xmlns=\"http:\/\/www.w3.org\/2000\/svg\">\n<path d=\"M32.1843 6.88058L38.5116 19.6547C38.6555 19.9789 38.8819 20.2597 39.1682 20.4692C39.4545 20.6787 39.7906 20.8095 40.1432 20.8485L54.1113 22.9178C54.5156 22.9698 54.8968 23.1358 55.2104 23.3964C55.524 23.657 55.7572 24.0014 55.8825 24.3895C56.0075 24.7775 56.0198 25.1932 55.9175 25.588C55.8153 25.9827 55.6028 26.3402 55.3051 26.6187L45.2371 36.6072C44.98 36.8473 44.787 37.1478 44.676 37.4814C44.5649 37.815 44.5387 38.1711 44.6003 38.5173L47.0278 52.5648C47.0979 52.9683 47.0537 53.3838 46.8997 53.7634C46.7453 54.1431 46.4878 54.4718 46.1563 54.7121C45.8244 54.9529 45.432 55.0954 45.023 55.1236C44.6143 55.1523 44.206 55.0651 43.8442 54.8729L31.269 48.2272C30.947 48.0692 30.5931 47.9869 30.2344 47.9869C29.8756 47.9869 29.5217 48.0692 29.1997 48.2272L16.6246 54.8729C16.2628 55.0651 15.8543 55.1523 15.4456 55.1236C15.0369 55.0954 14.6443 54.9529 14.3126 54.7121C13.9809 54.4718 13.7233 54.1431 13.5692 53.7634C13.4151 53.3838 13.3707 52.9683 13.441 52.5648L15.8685 38.3581C15.93 38.0119 15.904 37.6558 15.7928 37.3222C15.6816 36.9886 15.4887 36.6881 15.2318 36.448L5.04435 26.6187C4.74296 26.3326 4.531 25.9652 4.43416 25.5611C4.33731 25.1569 4.35974 24.7333 4.49872 24.3417C4.6377 23.95 4.88726 23.6071 5.21719 23.3543C5.54711 23.1016 5.94324 22.95 6.35758 22.9178L20.3255 20.8485C20.6781 20.8095 21.0143 20.6787 21.3005 20.4692C21.5868 20.2597 21.8132 19.9789 21.9571 19.6547L28.2844 6.88058C28.4567 6.50855 28.7319 6.19356 29.0774 5.97281C29.4229 5.75206 29.8244 5.63477 30.2344 5.63477C30.6444 5.63477 31.0458 5.75206 31.3913 5.97281C31.7368 6.19356 32.012 6.50855 32.1843 6.88058Z\" stroke=\"black\" stroke-width=\"2.5\" stroke-linecap=\"round\" stroke-linejoin=\"round\"\/>\n<\/svg>\n<\/div>Entwicklung &amp; Wachstum<\/h4><div class=\"feature__content \"><p>Wir f\u00f6rdern kontinuierliches Lernen und geben Raum f\u00fcr pers\u00f6nliche und berufliche Weiterentwicklung.<\/p>\n<\/div><\/div><\/div><div class=\"wpb_content_element vmb-3 wpb_content_element\" ><div class=\"feature feature--a\"><h4 class=\"feature__heading h4 \"><div class=\"feature__icon\"><svg width=\"61\" height=\"61\" viewBox=\"0 0 61 61\" fill=\"none\" xmlns=\"http:\/\/www.w3.org\/2000\/svg\">\n<path d=\"M32.1843 6.88058L38.5116 19.6547C38.6555 19.9789 38.8819 20.2597 39.1682 20.4692C39.4545 20.6787 39.7906 20.8095 40.1432 20.8485L54.1113 22.9178C54.5156 22.9698 54.8968 23.1358 55.2104 23.3964C55.524 23.657 55.7572 24.0014 55.8825 24.3895C56.0075 24.7775 56.0198 25.1932 55.9175 25.588C55.8153 25.9827 55.6028 26.3402 55.3051 26.6187L45.2371 36.6072C44.98 36.8473 44.787 37.1478 44.676 37.4814C44.5649 37.815 44.5387 38.1711 44.6003 38.5173L47.0278 52.5648C47.0979 52.9683 47.0537 53.3838 46.8997 53.7634C46.7453 54.1431 46.4878 54.4718 46.1563 54.7121C45.8244 54.9529 45.432 55.0954 45.023 55.1236C44.6143 55.1523 44.206 55.0651 43.8442 54.8729L31.269 48.2272C30.947 48.0692 30.5931 47.9869 30.2344 47.9869C29.8756 47.9869 29.5217 48.0692 29.1997 48.2272L16.6246 54.8729C16.2628 55.0651 15.8543 55.1523 15.4456 55.1236C15.0369 55.0954 14.6443 54.9529 14.3126 54.7121C13.9809 54.4718 13.7233 54.1431 13.5692 53.7634C13.4151 53.3838 13.3707 52.9683 13.441 52.5648L15.8685 38.3581C15.93 38.0119 15.904 37.6558 15.7928 37.3222C15.6816 36.9886 15.4887 36.6881 15.2318 36.448L5.04435 26.6187C4.74296 26.3326 4.531 25.9652 4.43416 25.5611C4.33731 25.1569 4.35974 24.7333 4.49872 24.3417C4.6377 23.95 4.88726 23.6071 5.21719 23.3543C5.54711 23.1016 5.94324 22.95 6.35758 22.9178L20.3255 20.8485C20.6781 20.8095 21.0143 20.6787 21.3005 20.4692C21.5868 20.2597 21.8132 19.9789 21.9571 19.6547L28.2844 6.88058C28.4567 6.50855 28.7319 6.19356 29.0774 5.97281C29.4229 5.75206 29.8244 5.63477 30.2344 5.63477C30.6444 5.63477 31.0458 5.75206 31.3913 5.97281C31.7368 6.19356 32.012 6.50855 32.1843 6.88058Z\" stroke=\"black\" stroke-width=\"2.5\" stroke-linecap=\"round\" stroke-linejoin=\"round\"\/>\n<\/svg>\n<\/div>Innovative Arbeitsumgebung<\/h4><div class=\"feature__content \"><p>Spannende Projekte, kreative L\u00f6sungen und neueste Technologien sind Teil unseres Alltags.<\/p>\n<\/div><\/div><\/div><\/div><\/div>[\/vc_column][\/vc_row][vc_row row_padding=&#8220;custom&#8220;][vc_column width=&#8220;5\/6&#8243; col_sticky=&#8220;&#8220; offset=&#8220;vc_col-lg-offset-2 vc_col-lg-8 vc_col-sm-offset-1&#8243;][vc_column_text]<\/p>\n<p class=\"text text--intro\" style=\"text-align: center;\">Du willst dabei sein?<\/p>\n<p>[\/vc_column_text]<div class=\"vmb-3 wpb_content_element\" ><div class=\"btn__wrapper btn__wrapper--center\"><a href=\"https:\/\/www.ingentis.com\/de\/ueber-uns\/karriere\/\" target=\"\" rel=\"\" title=\"Jobs & Karriere\" class=\"btn--full btn--secondary btn--md \">Komm ins Team!<\/a><\/div><\/div>[\/vc_column][\/vc_row][\/vc_section]<\/p>\n<\/div>","protected":false},"excerpt":{"rendered":"<p>[vc_section][vc_row row_padding=&#8220;&#8220;][vc_column][\/vc_column][\/vc_row][\/vc_section][vc_section row_padding=&#8220;vpt-7 vpb-7&#8243;][vc_row content_placement=&#8220;bottom&#8220; row_padding=&#8220;custom&#8220; row_padding_bottom=&#8220;vpb-7&#8243;][vc_column width=&#8220;3\/4&#8243; col_sticky=&#8220;&#8220; offset=&#8220;vc_col-lg-7 vc_col-md-offset-2 vc_col-md-8 vc_col-sm-offset-1&#8243;][vc_column_text] Werte sind das \u2026<\/p>\n","protected":false},"author":4,"featured_media":0,"parent":101,"menu_order":0,"comment_status":"closed","ping_status":"closed","template":"","meta":{"_acf_changed":false,"footnotes":""},"class_list":["post-198","page","type-page","status-publish","hentry"],"acf":[],"_links":{"self":[{"href":"https:\/\/www.ingentis.com\/de\/wp-json\/wp\/v2\/pages\/198","targetHints":{"allow":["GET"]}}],"collection":[{"href":"https:\/\/www.ingentis.com\/de\/wp-json\/wp\/v2\/pages"}],"about":[{"href":"https:\/\/www.ingentis.com\/de\/wp-json\/wp\/v2\/types\/page"}],"author":[{"embeddable":true,"href":"https:\/\/www.ingentis.com\/de\/wp-json\/wp\/v2\/users\/4"}],"replies":[{"embeddable":true,"href":"https:\/\/www.ingentis.com\/de\/wp-json\/wp\/v2\/comments?post=198"}],"version-history":[{"count":5,"href":"https:\/\/www.ingentis.com\/de\/wp-json\/wp\/v2\/pages\/198\/revisions"}],"predecessor-version":[{"id":15852,"href":"https:\/\/www.ingentis.com\/de\/wp-json\/wp\/v2\/pages\/198\/revisions\/15852"}],"up":[{"embeddable":true,"href":"https:\/\/www.ingentis.com\/de\/wp-json\/wp\/v2\/pages\/101"}],"wp:attachment":[{"href":"https:\/\/www.ingentis.com\/de\/wp-json\/wp\/v2\/media?parent=198"}],"curies":[{"name":"wp","href":"https:\/\/api.w.org\/{rel}","templated":true}]}}