{"id":16078,"date":"2025-03-10T11:50:35","date_gmt":"2025-03-10T10:50:35","guid":{"rendered":"https:\/\/www.ingentis.com\/temoignages-clients\/"},"modified":"2026-01-19T14:04:16","modified_gmt":"2026-01-19T13:04:16","slug":"temoignages-clients","status":"publish","type":"page","link":"https:\/\/www.ingentis.com\/fr\/clientes\/temoignages-clients\/","title":{"rendered":"T\u00e9moignages clients"},"content":{"rendered":"<div class=\"wpb-content-wrapper\"><p>[vc_section][vc_row row_padding=\u00a0\u00bb\u00a0\u00bb][vc_column]<div class=\" vmb-3  wpb_content_element\" ><div class=\"hero hero--d hero--left\"><div class=\"hero__content\"><div class=\"hero__title\"><p class=\"skyline hero__skyline\">\u00c9tudes de cas clients<\/p> <h1><strong>Ingentis<\/strong><br \/>\nT\u00e9moignages clients<\/h1><\/div><p class=\"hero__text\">Ingentis org.manager au c\u0153ur de la transformation des organisations !<\/p><div class=\"btn__wrapper \"><\/div><\/div><div class=\"hero__bg\"><svg width=\"1000\" height=\"1000\" viewBox=\"0 0 1000 1000\" fill=\"none\" xmlns=\"http:\/\/www.w3.org\/2000\/svg\"><rect width=\"1000\" height=\"1000\" transform=\"translate(0.00390625)\" \/><path d=\"M793.881 431.922C811.346 507.572 804.414 586.81 774.077 658.278C743.741 729.746 691.558 789.776 625.008 829.763C558.457 869.751 480.956 887.643 403.611 880.876C326.266 874.11 253.049 843.031 194.454 792.094C135.858 741.158 94.8919 672.979 77.4267 597.329C59.9615 521.679 66.8939 442.441 97.2303 370.973C127.567 299.505 179.75 239.476 246.3 199.488C312.851 159.5 390.352 141.608 467.697 148.375L456.097 280.957C406.751 276.64 357.305 288.056 314.846 313.568C272.387 339.08 239.094 377.379 219.74 422.975C200.385 468.572 195.962 519.125 207.105 567.39C218.248 615.655 244.384 659.153 281.768 691.651C319.152 724.148 365.865 743.976 415.211 748.294C464.556 752.611 514.002 741.195 556.462 715.683C598.921 690.171 632.213 651.872 651.568 606.276C670.923 560.679 675.346 510.126 664.203 461.861L793.881 431.922Z\" fill=\"#FF8E8C\"\/><path d=\"M596.397 119.125C673.741 125.891 746.958 156.97 805.554 207.907C864.15 258.843 905.116 327.022 922.581 402.672L792.903 432.611C781.76 384.346 755.624 340.848 718.24 308.35C680.856 275.853 634.143 256.025 584.797 251.707L596.397 119.125Z\" fill=\"#FF8E8C\"\/><\/svg><\/div><\/div><\/div>[\/vc_column][\/vc_row][\/vc_section][vc_section row_padding=\u00a0\u00bbvpt-7 vpb-7&Prime;][vc_row row_padding=\u00a0\u00bbcustom\u00a0\u00bb row_padding_bottom=\u00a0\u00bbvpb-5&Prime;][vc_column width=\u00a0\u00bb2\/3&Prime; col_sticky=\u00a0\u00bb\u00a0\u00bb offset=\u00a0\u00bbvc_col-lg-6 vc_col-md-offset-2 vc_col-md-7 vc_col-sm-offset-1&Prime;]<div class=\"wpb_content_element\" ><div class=\"heading heading--h2\"><h2 class=\"heading   \" >Comment nous contribuons \u00e0 la r\u00e9ussite de nos clients<\/h2><\/div><\/div>[vc_column_text]<strong>Comment Ingentis org.manager s\u2019int\u00e8gre-t-il efficacement au sein des organisations ? <\/strong><br \/>\n\u00c0 travers des t\u00e9moignages, vous serez convaincu de la simplicit\u00e9, de la puissance et de la flexibilit\u00e9 des d\u00e9cisions et transformations durables sur les structures gr\u00e2ce aux solutions Ingentis. Inspirez-vous de leurs r\u00e9ussites et d\u00e9couvrez comment Ingentis peut, \u00e0 votre tour, soutenir vos objectifs.[\/vc_column_text][\/vc_column][\/vc_row][vc_row row_padding=\u00a0\u00bbcustom\u00a0\u00bb][vc_column col_sticky=\u00a0\u00bb\u00a0\u00bb]<div class=\"vmb-3 wpb_content_element\" ><div class=\"success-stories\"><div class=\"success-stories__grid\"><div  data-aos-delay=\"0\"><div class=\"success-stories__item\" onclick=\"window.location.href='https:\/\/www.ingentis.com\/fr\/clients\/merck\/';\"><div class=\"success-stories__image\"><img loading=\"lazy\" decoding=\"async\" width=\"600\" height=\"106\" src=\"https:\/\/www.ingentis.com\/wp-content\/uploads\/Ingentis-org.manager-Kunde-Merck.png\" class=\"attachment-medium_large size-medium_large\" alt=\"\" srcset=\"https:\/\/www.ingentis.com\/wp-content\/uploads\/Ingentis-org.manager-Kunde-Merck.png 600w, https:\/\/www.ingentis.com\/wp-content\/uploads\/Ingentis-org.manager-Kunde-Merck-300x53.png 300w\" sizes=\"auto, (max-width: 600px) 100vw, 600px\" \/><\/div><div class=\"success-stories__body\"><div class=\"success-stories__meta blog-meta\">Histoire \u00e0 succ\u00e8s<\/div><p class=\"success-stories__title h4\"><a href=\"https:\/\/www.ingentis.com\/fr\/clients\/merck\/\">Merck<\/a><\/p><div class=\"success-stories__link\"><span class=\"btn--link btn--primary\">Vers la r\u00e9ussite<\/span><\/div><\/div><\/div><\/div><div  data-aos-delay=\"100\"><div class=\"success-stories__item\" onclick=\"window.location.href='https:\/\/www.ingentis.com\/fr\/clients\/sap\/';\"><div class=\"success-stories__image\"><img loading=\"lazy\" decoding=\"async\" width=\"768\" height=\"432\" src=\"https:\/\/www.ingentis.com\/wp-content\/uploads\/Ingentis_Event_SAP-1-768x432.webp\" class=\"attachment-medium_large size-medium_large\" alt=\"\" srcset=\"https:\/\/www.ingentis.com\/wp-content\/uploads\/Ingentis_Event_SAP-1-768x432.webp 768w, https:\/\/www.ingentis.com\/wp-content\/uploads\/Ingentis_Event_SAP-1-300x169.webp 300w, https:\/\/www.ingentis.com\/wp-content\/uploads\/Ingentis_Event_SAP-1-1024x576.webp 1024w, https:\/\/www.ingentis.com\/wp-content\/uploads\/Ingentis_Event_SAP-1.webp 1280w\" sizes=\"auto, (max-width: 768px) 100vw, 768px\" \/><\/div><div class=\"success-stories__body\"><div class=\"success-stories__meta blog-meta\">Histoire \u00e0 succ\u00e8s<\/div><p class=\"success-stories__title h4\"><a href=\"https:\/\/www.ingentis.com\/fr\/clients\/sap\/\">SAP<\/a><\/p><div class=\"success-stories__link\"><span class=\"btn--link btn--primary\">Vers la r\u00e9ussite<\/span><\/div><\/div><\/div><\/div><div  data-aos-delay=\"200\"><div class=\"success-stories__item\" onclick=\"window.location.href='https:\/\/www.ingentis.com\/fr\/clients\/maersk\/';\"><div class=\"success-stories__image\"><img loading=\"lazy\" decoding=\"async\" width=\"250\" height=\"100\" src=\"https:\/\/www.ingentis.com\/wp-content\/uploads\/Maersk_Group_Logo-250x100-1.png\" class=\"attachment-medium_large size-medium_large\" alt=\"\" \/><\/div><div class=\"success-stories__body\"><div class=\"success-stories__meta blog-meta\">Histoire \u00e0 succ\u00e8s<\/div><p class=\"success-stories__title h4\"><a href=\"https:\/\/www.ingentis.com\/fr\/clients\/maersk\/\">Maersk<\/a><\/p><div class=\"success-stories__link\"><span class=\"btn--link btn--primary\">Vers la r\u00e9ussite<\/span><\/div><\/div><\/div><\/div><div  data-aos-delay=\"300\"><div class=\"success-stories__item\" onclick=\"window.location.href='https:\/\/www.ingentis.com\/fr\/clients\/nbc\/';\"><div class=\"success-stories__image\"><img loading=\"lazy\" decoding=\"async\" width=\"1\" height=\"1\" src=\"https:\/\/www.ingentis.com\/wp-content\/uploads\/NBCUniversal_Logo.svg\" class=\"attachment-medium_large size-medium_large\" alt=\"\" \/><\/div><div class=\"success-stories__body\"><div class=\"success-stories__meta blog-meta\">Histoire \u00e0 succ\u00e8s<\/div><p class=\"success-stories__title h4\"><a href=\"https:\/\/www.ingentis.com\/fr\/clients\/nbc\/\">NBCUniversal<\/a><\/p><div class=\"success-stories__link\"><span class=\"btn--link btn--primary\">Vers la r\u00e9ussite<\/span><\/div><\/div><\/div><\/div><\/div><\/div><\/div>[\/vc_column][\/vc_row][\/vc_section]<\/p>\n<\/div>","protected":false},"excerpt":{"rendered":"<p>[vc_section][vc_row row_padding=\u00a0\u00bb\u00a0\u00bb][vc_column][\/vc_column][\/vc_row][\/vc_section][vc_section row_padding=\u00a0\u00bbvpt-7 vpb-7&Prime;][vc_row row_padding=\u00a0\u00bbcustom\u00a0\u00bb row_padding_bottom=\u00a0\u00bbvpb-5&Prime;][vc_column width=\u00a0\u00bb2\/3&Prime; col_sticky=\u00a0\u00bb\u00a0\u00bb offset=\u00a0\u00bbvc_col-lg-6 vc_col-md-offset-2 vc_col-md-7 vc_col-sm-offset-1&Prime;][vc_column_text]Comment Ingentis org.manager s\u2019int\u00e8gre-t-il efficacement \u2026<\/p>\n","protected":false},"author":4,"featured_media":0,"parent":16587,"menu_order":2,"comment_status":"closed","ping_status":"closed","template":"","meta":{"_acf_changed":false,"footnotes":""},"class_list":["post-16078","page","type-page","status-publish","hentry"],"acf":[],"_links":{"self":[{"href":"https:\/\/www.ingentis.com\/fr\/wp-json\/wp\/v2\/pages\/16078","targetHints":{"allow":["GET"]}}],"collection":[{"href":"https:\/\/www.ingentis.com\/fr\/wp-json\/wp\/v2\/pages"}],"about":[{"href":"https:\/\/www.ingentis.com\/fr\/wp-json\/wp\/v2\/types\/page"}],"author":[{"embeddable":true,"href":"https:\/\/www.ingentis.com\/fr\/wp-json\/wp\/v2\/users\/4"}],"replies":[{"embeddable":true,"href":"https:\/\/www.ingentis.com\/fr\/wp-json\/wp\/v2\/comments?post=16078"}],"version-history":[{"count":4,"href":"https:\/\/www.ingentis.com\/fr\/wp-json\/wp\/v2\/pages\/16078\/revisions"}],"predecessor-version":[{"id":16790,"href":"https:\/\/www.ingentis.com\/fr\/wp-json\/wp\/v2\/pages\/16078\/revisions\/16790"}],"up":[{"embeddable":true,"href":"https:\/\/www.ingentis.com\/fr\/wp-json\/wp\/v2\/pages\/16587"}],"wp:attachment":[{"href":"https:\/\/www.ingentis.com\/fr\/wp-json\/wp\/v2\/media?parent=16078"}],"curies":[{"name":"wp","href":"https:\/\/api.w.org\/{rel}","templated":true}]}}