{"id":18355,"date":"2025-03-10T11:48:56","date_gmt":"2025-03-10T10:48:56","guid":{"rendered":"https:\/\/www.ingentis.com\/integration-partners\/"},"modified":"2026-04-14T13:28:17","modified_gmt":"2026-04-14T11:28:17","slug":"partenaires-dintegration","status":"publish","type":"page","link":"https:\/\/www.ingentis.com\/fr\/partenaire\/partenaires-dintegration\/","title":{"rendered":"Partenaires d\u2019int\u00e9gration"},"content":{"rendered":"<div class=\"wpb-content-wrapper\"><p>[vc_section][vc_row row_padding=\u00a0\u00bb\u00a0\u00bb][vc_column]<div class=\" vmb-3  wpb_content_element\" ><div class=\"hero hero--d hero--left\"><div class=\"hero__content\"><div class=\"hero__title\"><p class=\"skyline hero__skyline\">Une expertise unifi\u00e9e pour une int\u00e9gration RH fluide<\/p> <h1><strong>Nos partenaires d\u2019int\u00e9gration Ingentis<\/strong><\/h1><\/div><p class=\"hero__text\">Nos partenariats d\u2019int\u00e9gration reposent sur une passion commune : rendre les organisations plus performantes gr\u00e2ce \u00e0 des solutions logicielles puissantes. C\u2019est pourquoi nous combinons Ingentis org.manager avec l\u2019expertise sectorielle et l\u2019exp\u00e9rience projet de nos partenaires afin d\u2019offrir aux entreprises une impl\u00e9mentation sur mesure et parfaitement fluide. <\/p><div class=\"btn__wrapper \"><\/div><\/div><div class=\"hero__bg\"><svg width=\"1000\" height=\"1000\" viewBox=\"0 0 1000 1000\" fill=\"none\" xmlns=\"http:\/\/www.w3.org\/2000\/svg\"><rect width=\"1000\" height=\"1000\" transform=\"translate(0.00195312)\" \/><path d=\"M330.88 64.8887C278.831 96.6645 233.747 136.892 196.635 184.677L303.991 265.244C330.395 231.685 362.211 203.285 398.781 180.637L330.883 64.8935L330.88 64.8887ZM292.993 312.468C287.92 320.931 283.206 329.604 278.865 338.464C278.825 338.547 278.788 338.634 278.748 338.716C278.734 338.742 278.731 338.767 278.717 338.793L278.694 338.824C269.741 357.172 262.401 376.264 256.759 395.884L398.272 432.871C404.228 413.443 413.058 395.014 424.468 378.199L307.511 290.429C302.425 297.609 297.506 304.943 292.993 312.468ZM239.307 391.427C244.507 373.291 251.088 355.58 258.993 338.449L140.953 274.508C128.109 301.214 117.642 328.999 109.674 357.542L239.305 391.423L239.307 391.427ZM407.841 196.109C373.349 217.533 343.317 244.338 318.359 275.977L435.288 363.723C448.248 347.884 463.809 333.805 481.784 322.157L407.841 196.109ZM252.151 413.318C242.999 452.579 240.729 493.13 245.441 533.166L390.189 512.564C388.16 491.757 389.34 470.761 393.687 450.311L252.151 413.318ZM446.661 634.466L337.567 731.511C351.261 746.172 366.08 759.64 382.003 771.656C382.252 771.807 382.515 771.923 382.752 772.108C382.91 772.225 383.034 772.375 383.185 772.506C394.831 781.213 407.047 789.153 419.737 796.346C419.737 796.346 419.747 796.353 419.751 796.353C419.751 796.353 419.756 796.359 419.763 796.359C443.436 809.786 468.823 820.48 495.561 828.201L532.313 686.873C499.426 676.713 470.178 658.717 446.658 634.466H446.661ZM364.765 781.151C329.344 753.159 299.028 718.605 275.499 678.495C251.971 638.384 237.345 596.974 230.003 553.587L97.3496 572.47C107.242 633.719 128.177 692.162 159.909 746.254C191.641 800.346 234.598 849.486 284.429 888.349L364.765 781.151ZM695.266 667.951C674.92 679.878 653.053 688.065 630.151 692.36L654.512 836.442C694.876 829.201 733.431 815.014 769.225 794.03C848.782 747.398 903.854 673.199 928.002 589.635L786.496 552.649C771.89 599.82 740.288 641.563 695.266 667.958V667.951Z\" fill=\"#DB97DC\"\/><path d=\"M421.779 603.129L295.823 676.974C304.765 691.38 314.729 705.126 325.639 718.105L434.755 621.032C430.113 615.3 425.782 609.324 421.779 603.129ZM580.819 695.614C570.388 695.005 559.978 693.559 549.745 691.353L512.988 832.702C530.079 836.71 547.509 839.525 564.96 840.93C588.867 842.855 612.935 842.19 636.631 839.196L612.243 694.991C601.816 696.005 591.287 696.231 580.822 695.621L580.819 695.614ZM293.135 279.697L185.739 199.101C180.528 206.336 175.425 213.695 170.62 221.174C162.916 233.18 155.791 245.711 149.109 258.399L267.028 322.274C270.386 315.844 273.869 309.457 277.583 303.264C282.414 295.212 287.684 287.366 293.132 279.693L293.135 279.697Z\" fill=\"#DB97DC\"\/><\/svg><\/div><\/div><\/div>[\/vc_column][\/vc_row][\/vc_section][vc_section row_padding=\u00a0\u00bbvpt-7 vpb-7&Prime;][vc_row row_padding=\u00a0\u00bbcustom\u00a0\u00bb row_padding_bottom=\u00a0\u00bbvpb-7&Prime;][vc_column width=\u00a0\u00bb3\/4&Prime; col_sticky=\u00a0\u00bb\u00a0\u00bb offset=\u00a0\u00bbvc_col-lg-7 vc_col-md-offset-2 vc_col-md-8 vc_col-sm-offset-1&Prime;]<div class=\"vmb-1 wpb_content_element\" ><div class=\"heading heading--h2\"><h2 class=\"heading   \" >Pourquoi les partenariats d\u2019int\u00e9gration Ingentis sont d\u00e9terminants<\/h2><\/div><\/div>[\/vc_column][\/vc_row][vc_row row_padding=\u00a0\u00bbcustom\u00a0\u00bb row_padding_bottom=\u00a0\u00bbvpb-7&Prime;][vc_column width=\u00a0\u00bb1\/4&Prime; col_sticky=\u00a0\u00bb\u00a0\u00bb offset=\u00a0\u00bbvc_col-md-offset-1 vc_col-md-2 vc_hidden-xs\u00a0\u00bb]<div class=\"vmb-3 wpb_content_element\" ><div class=\"svg-image \"><svg width=\"245\" height=\"487\" viewBox=\"0 0 245 487\" fill=\"none\" xmlns=\"http:\/\/www.w3.org\/2000\/svg\">\n<path d=\"M122.929 260.847C107.039 260.847 94.0176 247.813 94.0176 231.873L94.0176 28.9739C94.0176 13.0342 107.012 -3.05176e-05 122.929 -3.05176e-05C138.847 -3.05176e-05 151.841 13.0342 151.841 28.9739V231.873C151.841 248.111 138.847 260.847 122.929 260.847Z\" fill=\"#FFC4A1\"\/>\n<path d=\"M216.089 154.195C200.199 154.195 187.178 167.294 187.178 183.312V387.211C187.178 403.229 200.172 416.327 216.089 416.327C232.007 416.327 245.001 403.229 245.001 387.211V183.312C245.001 166.994 232.007 154.195 216.089 154.195Z\" fill=\"#FFC4A1\"\/>\n<path d=\"M29.4477 225.51C13.3806 225.51 0.214844 238.577 0.214844 254.556L0.214844 457.955C0.214844 473.934 13.3532 487 29.4477 487C45.5422 487 58.6805 473.934 58.6805 457.955L58.6805 254.556C58.6805 238.277 45.5422 225.51 29.4477 225.51Z\" fill=\"#FFC4A1\"\/>\n<path d=\"M151.814 309.997C151.814 293.832 138.874 280.764 122.902 280.764C106.93 280.764 94.0176 293.832 94.0176 309.997C94.0176 326.161 106.957 339.229 122.929 339.229C138.901 339.229 151.841 326.134 151.841 309.997\" fill=\"#FFC4A1\"\/>\n<path d=\"M244.974 105.688C244.974 121.852 232.034 134.921 216.062 134.921C200.091 134.921 187.178 121.852 187.178 105.688C187.178 89.5236 200.118 76.4551 216.089 76.4551C232.061 76.4551 245.001 89.551 245.001 105.688\" fill=\"#FFC4A1\"\/>\n<path d=\"M58.6532 186.962C58.6532 202.948 45.5696 215.873 29.4203 215.873C13.2711 215.873 0.214844 202.948 0.214844 186.962C0.214844 170.975 13.2985 158.05 29.4477 158.05C45.5969 158.05 58.6805 171.002 58.6805 186.962\" fill=\"#FFC4A1\"\/>\n<\/svg>\n<\/div><\/div>[\/vc_column][vc_column width=\u00a0\u00bb2\/3&Prime; col_sticky=\u00a0\u00bb\u00a0\u00bb offset=\u00a0\u00bbvc_col-lg-6 vc_col-md-7 vc_col-sm-offset-1&Prime;][vc_column_text]<\/p>\n<ul class=\"icon-list icon-list--check\">\n<li><strong>Une solution compl\u00e8te aupr\u00e8s d\u2019un seul interlocuteur<\/strong><br \/>\nLes entreprises b\u00e9n\u00e9ficient non seulement de notre logiciel, mais \u00e9galement du conseil, de l\u2019impl\u00e9mentation et du support adapt\u00e9s, assur\u00e9s par des partenaires exp\u00e9riment\u00e9s.<\/li>\n<li><strong>Des adaptations personnalis\u00e9es<\/strong><br \/>\nGr\u00e2ce \u00e0 l\u2019expertise de nos partenaires d\u2019int\u00e9gration, Ingentis org.manager peut \u00eatre ajust\u00e9 pr\u00e9cis\u00e9ment aux exigences sp\u00e9cifiques de chaque organisation.<\/li>\n<li><strong>Une int\u00e9gration fluide des syst\u00e8mes<\/strong><br \/>\nNos partenaires int\u00e9gration veillent \u00e0 ce que Ingentis org.manager fonctionne de mani\u00e8re optimale avec les syst\u00e8mes RH et IT existants.<\/li>\n<\/ul>\n<p>[\/vc_column_text][\/vc_column][\/vc_row][vc_row row_padding=\u00a0\u00bbcustom\u00a0\u00bb row_padding_bottom=\u00a0\u00bbvpb-3&Prime;][vc_column width=\u00a0\u00bb7\/12&Prime; col_sticky=\u00a0\u00bb\u00a0\u00bb offset=\u00a0\u00bbvc_col-md-offset-3 vc_col-md-6 vc_col-sm-offset-2&Prime;]<div class=\"vmb-3 wpb_content_element\" ><div class=\"heading heading--h2\"><h2 class=\"heading   \" >Ces fournisseurs misent sur la technologie Ingentis<\/h2><\/div><\/div>[vc_column_text]<\/p>\n<p class=\"text text--big\">Les entreprises de logiciels suivantes ont int\u00e9gr\u00e9 Ingentis org.manager \u00e0 leur portefeuille afin de permettre \u00e0 leurs clients de b\u00e9n\u00e9ficier d\u2019une visualisation et d\u2019une analyse performantes de leurs donn\u00e9es RH, en collaboration avec nos partenaires int\u00e9gration ingentis :<\/p>\n<p>[\/vc_column_text][\/vc_column][\/vc_row][vc_row row_padding=\u00a0\u00bbcustom\u00a0\u00bb row_padding_bottom=\u00a0\u00bbvpb-7&Prime;][vc_column width=\u00a0\u00bb5\/6&Prime; col_sticky=\u00a0\u00bb\u00a0\u00bb offset=\u00a0\u00bbvc_col-md-offset-1&Prime;][vc_row_inner row_padding=\u00a0\u00bb\u00a0\u00bb][vc_column_inner width=\u00a0\u00bb1\/4&Prime; offset=\u00a0\u00bbvc_col-xs-6&Prime;][vc_single_image image=\u00a0\u00bb18338&Prime; img_size=\u00a0\u00bbmedium\u00a0\u00bb][\/vc_column_inner][vc_column_inner width=\u00a0\u00bb1\/4&Prime; offset=\u00a0\u00bbvc_col-xs-6&Prime;][vc_single_image image=\u00a0\u00bb18339&Prime; img_size=\u00a0\u00bbmedium\u00a0\u00bb][\/vc_column_inner][vc_column_inner width=\u00a0\u00bb1\/4&Prime; offset=\u00a0\u00bbvc_col-xs-6&Prime;][vc_single_image image=\u00a0\u00bb18340&Prime; img_size=\u00a0\u00bbmedium\u00a0\u00bb][\/vc_column_inner][vc_column_inner width=\u00a0\u00bb1\/4&Prime; offset=\u00a0\u00bbvc_col-xs-6&Prime;][vc_single_image image=\u00a0\u00bb18341&Prime; img_size=\u00a0\u00bbmedium\u00a0\u00bb][\/vc_column_inner][\/vc_row_inner][vc_row_inner row_padding=\u00a0\u00bb\u00a0\u00bb][vc_column_inner width=\u00a0\u00bb1\/4&Prime; offset=\u00a0\u00bbvc_col-xs-6&Prime;][vc_single_image image=\u00a0\u00bb18342&Prime; img_size=\u00a0\u00bbmedium\u00a0\u00bb][\/vc_column_inner][vc_column_inner width=\u00a0\u00bb1\/4&Prime; offset=\u00a0\u00bbvc_col-xs-6&Prime;][vc_single_image image=\u00a0\u00bb18343&Prime; img_size=\u00a0\u00bbmedium\u00a0\u00bb][\/vc_column_inner][vc_column_inner width=\u00a0\u00bb1\/4&Prime; offset=\u00a0\u00bbvc_col-xs-6&Prime;][vc_single_image image=\u00a0\u00bb18344&Prime; img_size=\u00a0\u00bbmedium\u00a0\u00bb][\/vc_column_inner][vc_column_inner width=\u00a0\u00bb1\/4&Prime; offset=\u00a0\u00bbvc_col-xs-6&Prime;][vc_single_image image=\u00a0\u00bb18345&Prime; img_size=\u00a0\u00bbmedium\u00a0\u00bb][\/vc_column_inner][\/vc_row_inner][vc_row_inner row_padding=\u00a0\u00bb\u00a0\u00bb][vc_column_inner width=\u00a0\u00bb1\/4&Prime; offset=\u00a0\u00bbvc_col-xs-6&Prime;][vc_single_image image=\u00a0\u00bb18346&Prime; img_size=\u00a0\u00bbmedium\u00a0\u00bb][\/vc_column_inner][vc_column_inner width=\u00a0\u00bb1\/4&Prime; offset=\u00a0\u00bbvc_col-xs-6&Prime;][vc_single_image image=\u00a0\u00bb18347&Prime; img_size=\u00a0\u00bbmedium\u00a0\u00bb][\/vc_column_inner][vc_column_inner width=\u00a0\u00bb1\/4&Prime; offset=\u00a0\u00bbvc_col-xs-6&Prime;][vc_single_image image=\u00a0\u00bb18348&Prime; img_size=\u00a0\u00bbmedium\u00a0\u00bb][\/vc_column_inner][vc_column_inner width=\u00a0\u00bb1\/4&Prime; offset=\u00a0\u00bbvc_col-xs-6&Prime;][vc_single_image image=\u00a0\u00bb18349&Prime; img_size=\u00a0\u00bbmedium\u00a0\u00bb][\/vc_column_inner][\/vc_row_inner][vc_row_inner row_padding=\u00a0\u00bb\u00a0\u00bb][vc_column_inner width=\u00a0\u00bb1\/4&Prime; offset=\u00a0\u00bbvc_col-xs-6&Prime;][vc_single_image image=\u00a0\u00bb18350&Prime; img_size=\u00a0\u00bbmedium\u00a0\u00bb][\/vc_column_inner][vc_column_inner width=\u00a0\u00bb1\/4&Prime; offset=\u00a0\u00bbvc_col-xs-6&Prime;][vc_single_image image=\u00a0\u00bb18351&Prime; img_size=\u00a0\u00bbmedium\u00a0\u00bb][\/vc_column_inner][vc_column_inner width=\u00a0\u00bb1\/4&Prime; offset=\u00a0\u00bbvc_col-xs-6&Prime;][vc_single_image image=\u00a0\u00bb18352&Prime; img_size=\u00a0\u00bbmedium\u00a0\u00bb][\/vc_column_inner][vc_column_inner width=\u00a0\u00bb1\/4&Prime; offset=\u00a0\u00bbvc_col-xs-6&Prime;][vc_single_image image=\u00a0\u00bb18353&Prime; img_size=\u00a0\u00bbmedium\u00a0\u00bb][\/vc_column_inner][\/vc_row_inner][\/vc_column][\/vc_row][vc_row row_padding=\u00a0\u00bbcustom\u00a0\u00bb row_padding_top=\u00a0\u00bbvpt-3&Prime; row_padding_bottom=\u00a0\u00bbvpb-7&Prime;][vc_column col_sticky=\u00a0\u00bb\u00a0\u00bb offset=\u00a0\u00bbvc_col-lg-offset-2 vc_col-lg-8 vc_col-md-offset-1 vc_col-md-10&Prime;]<div class=\"vmb-3 wpb_content_element\" ><div class=\"testimonial testimonial--small\"><div class=\"swiper testimonial-swiper\"><div class=\"swiper-wrapper\"><div class=\"testimonial__slide swiper-slide\"><div class=\"testimonial__text\"><div class=\"testimonial__quote\">La plateforme Ingentis compl\u00e8te parfaitement notre portefeuille HCM. L\u2019int\u00e9gration fluide avec nos solutions permet \u00e0 nos clients de prendre des d\u00e9cisions fond\u00e9es sur les donn\u00e9es et d\u2019atteindre une transparence organisationnelle maximale. <\/div><div class=\"testimonial__info\">Madlen D\u00e4hnert \/ Sales Development <span>\/ \/<\/span>Sage GmbH<\/div><\/div><\/div><div class=\"testimonial__slide swiper-slide\"><div class=\"testimonial__text\"><div class=\"testimonial__quote\">Le pack compos\u00e9 de HANSALOG et d\u2019Ingentis org.manager all\u00e8ge consid\u00e9rablement la partie administrative de notre service RH. <\/div><div class=\"testimonial__info\">Manuel Gl\u00e4\u00df \/ Responsable du personnel <span>\/ \/<\/span>GEWOBA Nord <\/div><\/div><\/div><\/div><div class=\"testimonial__nav\"><\/div><\/div><\/div><div class=\"testimonial__buttons\"><button class=\"testimonial__button testimonial__button--prev\"><\/button><button class=\"testimonial__button testimonial__button--next\"><\/button><\/div><\/div>[\/vc_column][\/vc_row][vc_row content_placement=\u00a0\u00bbmiddle\u00a0\u00bb row_padding=\u00a0\u00bbvpt-5 vpb-5&Prime;][vc_column width=\u00a0\u00bb1\/2&Prime; col_sticky=\u00a0\u00bb\u00a0\u00bb offset=\u00a0\u00bbvc_col-md-offset-2 vc_col-md-5 vc_col-sm-offset-1&Prime;]<div class=\"vmb-3 wpb_content_element\" ><div class=\"heading heading--h2\"><h2 class=\"heading   \" >R\u00e9ussir ensemble<\/h2><\/div><\/div>[vc_column_text]<\/p>\n<p class=\"text text--big\">Vous souhaitez int\u00e9grer Ingentis org.manager de mani\u00e8re fluide dans votre \u00e9cosyst\u00e8me RH ? Nos partenaires vous accompagnent avec leur expertise m\u00e9tier, leurs bonnes pratiques et leur savoir-faire technique afin de mettre en \u0153uvre la solution la plus adapt\u00e9e \u00e0 votre entreprise.<\/p>\n<p>[\/vc_column_text]<div class=\"vmb-3 wpb_content_element\" ><div class=\"btn__wrapper \"><a href=\"https:\/\/www.ingentis.com\/fr\/contact\/\" target=\"\" rel=\"\" title=\"Contact\" class=\"btn--full btn--primary btn--md \">Contactez-nous pour en savoir plus<\/a><\/div><\/div>[\/vc_column][vc_column width=\u00a0\u00bb1\/3&Prime; col_sticky=\u00a0\u00bb\u00a0\u00bb]<div class=\"vmb-3 wpb_content_element\" ><div class=\"overlapping-image__wrapper\"><div class=\"overlapping-image \"><div class=\"overlapping-image__foreground\"><img loading=\"lazy\" decoding=\"async\" width=\"768\" height=\"768\" src=\"https:\/\/www.ingentis.com\/wp-content\/uploads\/Circle-Image-12.png\" class=\"attachment-large size-large\" alt=\"\" srcset=\"https:\/\/www.ingentis.com\/wp-content\/uploads\/Circle-Image-12.png 768w, https:\/\/www.ingentis.com\/wp-content\/uploads\/Circle-Image-12-300x300.png 300w, https:\/\/www.ingentis.com\/wp-content\/uploads\/Circle-Image-12-150x150.png 150w\" sizes=\"auto, (max-width: 768px) 100vw, 768px\" \/><\/div><div class=\"overlapping-image__background\"><svg width=\"1435\" height=\"1435\" viewBox=\"0 0 1435 1435\" fill=\"none\" xmlns=\"http:\/\/www.w3.org\/2000\/svg\">\n<circle cx=\"715.5\" cy=\"846.34\" r=\"568.5\" fill=\"#F9FFB2\"\/>\n<circle cx=\"1300.5\" cy=\"339.5\" r=\"101.5\" fill=\"#F9FFB2\"\/>\n<circle cx=\"1212\" cy=\"134\" r=\"72\" fill=\"#F9FFB2\"\/>\n<\/svg>\n<\/div><\/div><\/div><\/div>[\/vc_column][\/vc_row][\/vc_section]<\/p>\n<\/div>","protected":false},"excerpt":{"rendered":"<p>[vc_section][vc_row row_padding=\u00a0\u00bb\u00a0\u00bb][vc_column][\/vc_column][\/vc_row][\/vc_section][vc_section row_padding=\u00a0\u00bbvpt-7 vpb-7&Prime;][vc_row row_padding=\u00a0\u00bbcustom\u00a0\u00bb row_padding_bottom=\u00a0\u00bbvpb-7&Prime;][vc_column width=\u00a0\u00bb3\/4&Prime; col_sticky=\u00a0\u00bb\u00a0\u00bb offset=\u00a0\u00bbvc_col-lg-7 vc_col-md-offset-2 vc_col-md-8 vc_col-sm-offset-1&Prime;][\/vc_column][\/vc_row][vc_row row_padding=\u00a0\u00bbcustom\u00a0\u00bb row_padding_bottom=\u00a0\u00bbvpb-7&Prime;][vc_column width=\u00a0\u00bb1\/4&Prime; col_sticky=\u00a0\u00bb\u00a0\u00bb \u2026<\/p>\n","protected":false},"author":4,"featured_media":0,"parent":18463,"menu_order":3,"comment_status":"closed","ping_status":"closed","template":"","meta":{"_acf_changed":false,"footnotes":""},"class_list":["post-18355","page","type-page","status-publish","hentry"],"acf":[],"_links":{"self":[{"href":"https:\/\/www.ingentis.com\/fr\/wp-json\/wp\/v2\/pages\/18355","targetHints":{"allow":["GET"]}}],"collection":[{"href":"https:\/\/www.ingentis.com\/fr\/wp-json\/wp\/v2\/pages"}],"about":[{"href":"https:\/\/www.ingentis.com\/fr\/wp-json\/wp\/v2\/types\/page"}],"author":[{"embeddable":true,"href":"https:\/\/www.ingentis.com\/fr\/wp-json\/wp\/v2\/users\/4"}],"replies":[{"embeddable":true,"href":"https:\/\/www.ingentis.com\/fr\/wp-json\/wp\/v2\/comments?post=18355"}],"version-history":[{"count":10,"href":"https:\/\/www.ingentis.com\/fr\/wp-json\/wp\/v2\/pages\/18355\/revisions"}],"predecessor-version":[{"id":18367,"href":"https:\/\/www.ingentis.com\/fr\/wp-json\/wp\/v2\/pages\/18355\/revisions\/18367"}],"up":[{"embeddable":true,"href":"https:\/\/www.ingentis.com\/fr\/wp-json\/wp\/v2\/pages\/18463"}],"wp:attachment":[{"href":"https:\/\/www.ingentis.com\/fr\/wp-json\/wp\/v2\/media?parent=18355"}],"curies":[{"name":"wp","href":"https:\/\/api.w.org\/{rel}","templated":true}]}}